{"id":50182,"date":"2022-06-03T15:44:25","date_gmt":"2022-06-03T13:44:25","guid":{"rendered":"https:\/\/suenderhauf-holding.com\/?page_id=50182"},"modified":"2022-06-03T16:10:16","modified_gmt":"2022-06-03T14:10:16","slug":"impressum","status":"publish","type":"page","link":"https:\/\/suenderhauf-holding.com\/de\/impressum\/","title":{"rendered":"Impressum"},"content":{"rendered":"<p>[et_pb_section fb_built=&#8220;1&#8243; custom_padding_last_edited=&#8220;on|phone&#8220; _builder_version=&#8220;4.17.4&#8243; _module_preset=&#8220;default&#8220; z_index=&#8220;1&#8243; custom_padding=&#8220;30px||0px||false|false&#8220; custom_padding_tablet=&#8220;30px||0px||false|false&#8220; custom_padding_phone=&#8220;0px||||false|false&#8220; global_colors_info=&#8220;{}&#8220;][et_pb_row _builder_version=&#8220;4.17.4&#8243; _module_preset=&#8220;default&#8220; global_colors_info=&#8220;{}&#8220;][et_pb_column type=&#8220;4_4&#8243; _builder_version=&#8220;4.17.4&#8243; _module_preset=&#8220;default&#8220; global_colors_info=&#8220;{}&#8220;][et_pb_text _builder_version=&#8220;4.17.4&#8243; _module_preset=&#8220;default&#8220; link_text_color=&#8220;gcid-fc28de5e-85d9-4437-882e-71e994814a13&#8243; header_2_font_size=&#8220;1.5rem&#8220; header_2_line_height=&#8220;1.2em&#8220; header_2_font_size_tablet=&#8220;3rem&#8220; header_2_font_size_phone=&#8220;1.2rem&#8220; header_2_font_size_last_edited=&#8220;on|phone&#8220; global_colors_info=&#8220;{%22gcid-fc28de5e-85d9-4437-882e-71e994814a13%22:%91%22link_text_color%22%93}&#8220;]<\/p>\n<h1>Impressum<\/h1>\n<h2>Angaben gem\u00e4\u00df \u00a7 5 TMG<\/h2>\n<p>S\u00fcnderhauf Holding GmbH<br \/>Duisburger Stra\u00dfe 20<br \/>10707 Berlin<\/p>\n<p><strong>Vertreten durch:<\/strong><br \/>Vincent S\u00fcnderhauf<\/p>\n<h2>Kontakt<\/h2>\n<p>Telefon: 030 889 278 60<br \/>E-Mail: suenderhauf@suenderhauf-holding.com<\/p>\n<h2>EU-Streitschlichtung<\/h2>\n<p>Die Europ\u00e4ische Kommission stellt eine Plattform zur Online-Streitbeilegung (OS) bereit: <a href=\"https:\/\/ec.europa.eu\/consumers\/odr\/\" target=\"_blank\" rel=\"noopener noreferrer\">https:\/\/ec.europa.eu\/consumers\/odr\/<\/a>.<br \/>Unsere E-Mail-Adresse finden Sie oben im Impressum.<\/p>\n<h2>Verbraucher\u00adstreit\u00adbeilegung\/Universal\u00adschlichtungs\u00adstelle<\/h2>\n<p>Wir sind nicht bereit oder verpflichtet, an Streitbeilegungsverfahren vor einer Verbraucherschlichtungsstelle teilzunehmen.<\/p>\n<p>[\/et_pb_text][\/et_pb_column][\/et_pb_row][\/et_pb_section][et_pb_section fb_built=&#8220;1&#8243; disabled_on=&#8220;off|off|on&#8220; admin_label=&#8220;Pitch Button Mobile&#8220; _builder_version=&#8220;4.17.4&#8243; _module_preset=&#8220;default&#8220; background_color=&#8220;#000000&#8243; positioning=&#8220;fixed&#8220; position_origin_f=&#8220;bottom_center&#8220; z_index=&#8220;500&#8243; custom_padding=&#8220;10px||10px||true|false&#8220; global_colors_info=&#8220;{}&#8220;][et_pb_row _builder_version=&#8220;4.17.4&#8243; _dynamic_attributes=&#8220;link_option_url&#8220; _module_preset=&#8220;default&#8220; width=&#8220;100%&#8220; custom_padding=&#8220;0px||0px||true|false&#8220; link_option_url=&#8220;@ET-DC@eyJkeW5hbWljIjp0cnVlLCJjb250ZW50IjoicG9zdF9saW5rX3VybF9wYWdlIiwic2V0dGluZ3MiOnsicG9zdF9pZCI6IjQ5NzE1In19@&#8220; global_colors_info=&#8220;{}&#8220;][et_pb_column type=&#8220;4_4&#8243; _builder_version=&#8220;4.17.4&#8243; _module_preset=&#8220;default&#8220; global_colors_info=&#8220;{}&#8220;][et_pb_text disabled_on=&#8220;off|off|off&#8220; _builder_version=&#8220;4.17.4&#8243; _module_preset=&#8220;default&#8220; text_font=&#8220;Sofia Pro Light|700||on|||||&#8220; text_text_color=&#8220;#ffffff&#8220; text_font_size=&#8220;14px&#8220; text_letter_spacing=&#8220;2px&#8220; text_orientation=&#8220;center&#8220; global_colors_info=&#8220;{}&#8220;]<\/p>\n<p>Submit your pitch<\/p>\n<p>[\/et_pb_text][\/et_pb_column][\/et_pb_row][\/et_pb_section]<\/p>\n","protected":false},"excerpt":{"rendered":"<p>Impressum Angaben gem\u00e4\u00df \u00a7 5 TMG S\u00fcnderhauf Holding GmbHDuisburger Stra\u00dfe 2010707 Berlin Vertreten durch:Vincent S\u00fcnderhauf Kontakt Telefon: 030 889 278 60E-Mail: suenderhauf@suenderhauf-holding.com EU-Streitschlichtung Die Europ\u00e4ische Kommission stellt eine Plattform zur Online-Streitbeilegung (OS) bereit: https:\/\/ec.europa.eu\/consumers\/odr\/.Unsere E-Mail-Adresse finden Sie oben im Impressum. Verbraucher\u00adstreit\u00adbeilegung\/Universal\u00adschlichtungs\u00adstelle Wir sind nicht bereit oder verpflichtet, an Streitbeilegungsverfahren vor einer Verbraucherschlichtungsstelle teilzunehmen.Submit your pitch<\/p>\n","protected":false},"author":1,"featured_media":0,"parent":0,"menu_order":0,"comment_status":"closed","ping_status":"closed","template":"","meta":{"_et_pb_use_builder":"on","_et_pb_old_content":"","_et_gb_content_width":"","inline_featured_image":false},"yoast_head":"<!-- This site is optimized with the Yoast SEO plugin v19.0 - https:\/\/yoast.com\/wordpress\/plugins\/seo\/ -->\n<title>Impressum - S\u00fcnderhauf Holding<\/title>\n<meta name=\"robots\" content=\"index, follow, max-snippet:-1, max-image-preview:large, max-video-preview:-1\" \/>\n<link rel=\"canonical\" href=\"https:\/\/suenderhauf-holding.com\/de\/impressum\/\" \/>\n<meta property=\"og:locale\" content=\"de_DE\" \/>\n<meta property=\"og:type\" content=\"article\" \/>\n<meta property=\"og:title\" content=\"Impressum - S\u00fcnderhauf Holding\" \/>\n<meta property=\"og:description\" content=\"Impressum Angaben gem\u00e4\u00df \u00a7 5 TMG S\u00fcnderhauf Holding GmbHDuisburger Stra\u00dfe 2010707 Berlin Vertreten durch:Vincent S\u00fcnderhauf Kontakt Telefon: 030 889 278 60E-Mail: suenderhauf@suenderhauf-holding.com EU-Streitschlichtung Die Europ\u00e4ische Kommission stellt eine Plattform zur Online-Streitbeilegung (OS) bereit: https:\/\/ec.europa.eu\/consumers\/odr\/.Unsere E-Mail-Adresse finden Sie oben im Impressum. Verbraucher\u00adstreit\u00adbeilegung\/Universal\u00adschlichtungs\u00adstelle Wir sind nicht bereit oder verpflichtet, an Streitbeilegungsverfahren vor einer Verbraucherschlichtungsstelle teilzunehmen.Submit your pitch\" \/>\n<meta property=\"og:url\" content=\"https:\/\/suenderhauf-holding.com\/de\/impressum\/\" \/>\n<meta property=\"og:site_name\" content=\"S\u00fcnderhauf Holding\" \/>\n<meta property=\"article:modified_time\" content=\"2022-06-03T14:10:16+00:00\" \/>\n<meta name=\"twitter:card\" content=\"summary_large_image\" \/>\n<meta name=\"twitter:label1\" content=\"Gesch\u00e4tzte Lesezeit\" \/>\n\t<meta name=\"twitter:data1\" content=\"2 Minuten\" \/>\n<script type=\"application\/ld+json\" class=\"yoast-schema-graph\">{\"@context\":\"https:\/\/schema.org\",\"@graph\":[{\"@type\":\"WebSite\",\"@id\":\"https:\/\/suenderhauf-holding.com\/#website\",\"url\":\"https:\/\/suenderhauf-holding.com\/\",\"name\":\"S\u00fcnderhauf Holding\",\"description\":\"Early Stage Investor \u2013 Long Time Partner\",\"potentialAction\":[{\"@type\":\"SearchAction\",\"target\":{\"@type\":\"EntryPoint\",\"urlTemplate\":\"https:\/\/suenderhauf-holding.com\/?s={search_term_string}\"},\"query-input\":\"required name=search_term_string\"}],\"inLanguage\":\"de-DE\"},{\"@type\":\"WebPage\",\"@id\":\"https:\/\/suenderhauf-holding.com\/de\/impressum\/#webpage\",\"url\":\"https:\/\/suenderhauf-holding.com\/de\/impressum\/\",\"name\":\"Impressum - S\u00fcnderhauf Holding\",\"isPartOf\":{\"@id\":\"https:\/\/suenderhauf-holding.com\/#website\"},\"datePublished\":\"2022-06-03T13:44:25+00:00\",\"dateModified\":\"2022-06-03T14:10:16+00:00\",\"breadcrumb\":{\"@id\":\"https:\/\/suenderhauf-holding.com\/de\/impressum\/#breadcrumb\"},\"inLanguage\":\"de-DE\",\"potentialAction\":[{\"@type\":\"ReadAction\",\"target\":[\"https:\/\/suenderhauf-holding.com\/de\/impressum\/\"]}]},{\"@type\":\"BreadcrumbList\",\"@id\":\"https:\/\/suenderhauf-holding.com\/de\/impressum\/#breadcrumb\",\"itemListElement\":[{\"@type\":\"ListItem\",\"position\":1,\"name\":\"Startseite\",\"item\":\"https:\/\/suenderhauf-holding.com\/de\/\"},{\"@type\":\"ListItem\",\"position\":2,\"name\":\"Impressum\"}]}]}<\/script>\n<!-- \/ Yoast SEO plugin. -->","yoast_head_json":{"title":"Impressum - S\u00fcnderhauf Holding","robots":{"index":"index","follow":"follow","max-snippet":"max-snippet:-1","max-image-preview":"max-image-preview:large","max-video-preview":"max-video-preview:-1"},"canonical":"https:\/\/suenderhauf-holding.com\/de\/impressum\/","og_locale":"de_DE","og_type":"article","og_title":"Impressum - S\u00fcnderhauf Holding","og_description":"Impressum Angaben gem\u00e4\u00df \u00a7 5 TMG S\u00fcnderhauf Holding GmbHDuisburger Stra\u00dfe 2010707 Berlin Vertreten durch:Vincent S\u00fcnderhauf Kontakt Telefon: 030 889 278 60E-Mail: suenderhauf@suenderhauf-holding.com EU-Streitschlichtung Die Europ\u00e4ische Kommission stellt eine Plattform zur Online-Streitbeilegung (OS) bereit: https:\/\/ec.europa.eu\/consumers\/odr\/.Unsere E-Mail-Adresse finden Sie oben im Impressum. Verbraucher\u00adstreit\u00adbeilegung\/Universal\u00adschlichtungs\u00adstelle Wir sind nicht bereit oder verpflichtet, an Streitbeilegungsverfahren vor einer Verbraucherschlichtungsstelle teilzunehmen.Submit your pitch","og_url":"https:\/\/suenderhauf-holding.com\/de\/impressum\/","og_site_name":"S\u00fcnderhauf Holding","article_modified_time":"2022-06-03T14:10:16+00:00","twitter_card":"summary_large_image","twitter_misc":{"Gesch\u00e4tzte Lesezeit":"2 Minuten"},"schema":{"@context":"https:\/\/schema.org","@graph":[{"@type":"WebSite","@id":"https:\/\/suenderhauf-holding.com\/#website","url":"https:\/\/suenderhauf-holding.com\/","name":"S\u00fcnderhauf Holding","description":"Early Stage Investor \u2013 Long Time Partner","potentialAction":[{"@type":"SearchAction","target":{"@type":"EntryPoint","urlTemplate":"https:\/\/suenderhauf-holding.com\/?s={search_term_string}"},"query-input":"required name=search_term_string"}],"inLanguage":"de-DE"},{"@type":"WebPage","@id":"https:\/\/suenderhauf-holding.com\/de\/impressum\/#webpage","url":"https:\/\/suenderhauf-holding.com\/de\/impressum\/","name":"Impressum - S\u00fcnderhauf Holding","isPartOf":{"@id":"https:\/\/suenderhauf-holding.com\/#website"},"datePublished":"2022-06-03T13:44:25+00:00","dateModified":"2022-06-03T14:10:16+00:00","breadcrumb":{"@id":"https:\/\/suenderhauf-holding.com\/de\/impressum\/#breadcrumb"},"inLanguage":"de-DE","potentialAction":[{"@type":"ReadAction","target":["https:\/\/suenderhauf-holding.com\/de\/impressum\/"]}]},{"@type":"BreadcrumbList","@id":"https:\/\/suenderhauf-holding.com\/de\/impressum\/#breadcrumb","itemListElement":[{"@type":"ListItem","position":1,"name":"Startseite","item":"https:\/\/suenderhauf-holding.com\/de\/"},{"@type":"ListItem","position":2,"name":"Impressum"}]}]}},"_links":{"self":[{"href":"https:\/\/suenderhauf-holding.com\/de\/wp-json\/wp\/v2\/pages\/50182"}],"collection":[{"href":"https:\/\/suenderhauf-holding.com\/de\/wp-json\/wp\/v2\/pages"}],"about":[{"href":"https:\/\/suenderhauf-holding.com\/de\/wp-json\/wp\/v2\/types\/page"}],"author":[{"embeddable":true,"href":"https:\/\/suenderhauf-holding.com\/de\/wp-json\/wp\/v2\/users\/1"}],"replies":[{"embeddable":true,"href":"https:\/\/suenderhauf-holding.com\/de\/wp-json\/wp\/v2\/comments?post=50182"}],"version-history":[{"count":3,"href":"https:\/\/suenderhauf-holding.com\/de\/wp-json\/wp\/v2\/pages\/50182\/revisions"}],"predecessor-version":[{"id":50192,"href":"https:\/\/suenderhauf-holding.com\/de\/wp-json\/wp\/v2\/pages\/50182\/revisions\/50192"}],"wp:attachment":[{"href":"https:\/\/suenderhauf-holding.com\/de\/wp-json\/wp\/v2\/media?parent=50182"}],"curies":[{"name":"wp","href":"https:\/\/api.w.org\/{rel}","templated":true}]}}