{"id":50401,"date":"2024-10-27T14:30:53","date_gmt":"2024-10-27T13:30:53","guid":{"rendered":"https:\/\/suenderhauf-holding.com\/?page_id=50401"},"modified":"2025-11-04T16:58:38","modified_gmt":"2025-11-04T15:58:38","slug":"pressebereich","status":"publish","type":"page","link":"https:\/\/suenderhauf-holding.com\/de\/pressebereich\/","title":{"rendered":"Pressebereich"},"content":{"rendered":"<p>[et_pb_section fb_built=&#8220;1&#8243; custom_padding_last_edited=&#8220;on|phone&#8220; _builder_version=&#8220;4.17.4&#8243; _module_preset=&#8220;default&#8220; z_index=&#8220;1&#8243; custom_padding=&#8220;||||false|false&#8220; custom_padding_tablet=&#8220;||||false|false&#8220; custom_padding_phone=&#8220;0px||||false|false&#8220; locked=&#8220;off&#8220; global_colors_info=&#8220;{}&#8220;][et_pb_row custom_padding_last_edited=&#8220;on|phone&#8220; _builder_version=&#8220;4.17.4&#8243; _module_preset=&#8220;default&#8220; custom_padding=&#8220;||3%||false|false&#8220; custom_padding_tablet=&#8220;||7%||false|false&#8220; custom_padding_phone=&#8220;||10%||false|false&#8220; global_colors_info=&#8220;{}&#8220;][et_pb_column type=&#8220;4_4&#8243; _builder_version=&#8220;4.17.4&#8243; _module_preset=&#8220;default&#8220; global_colors_info=&#8220;{}&#8220;][et_pb_text _builder_version=&#8220;4.17.4&#8243; _module_preset=&#8220;default&#8220; header_font_size=&#8220;3rem&#8220; header_2_font_size=&#8220;3rem&#8220; header_2_line_height=&#8220;1.2em&#8220; custom_margin=&#8220;||0px||false|false&#8220; custom_padding=&#8220;||0px||false|false&#8220; header_font_size_tablet=&#8220;3rem&#8220; header_font_size_phone=&#8220;2rem&#8220; header_font_size_last_edited=&#8220;on|phone&#8220; header_2_font_size_tablet=&#8220;3rem&#8220; header_2_font_size_phone=&#8220;2rem&#8220; header_2_font_size_last_edited=&#8220;on|desktop&#8220; global_colors_info=&#8220;{}&#8220;]<\/p>\n<h1>Pressebereich<\/h1>\n<p>[\/et_pb_text][et_pb_text _builder_version=&#8220;4.17.4&#8243; _module_preset=&#8220;default&#8220; text_font=&#8220;Sofia Pro Light||||||||&#8220; text_line_height=&#8220;1.2em&#8220; header_font_size=&#8220;3rem&#8220; header_2_font_size=&#8220;3rem&#8220; header_2_line_height=&#8220;1.2em&#8220; custom_padding=&#8220;||||true|true&#8220; header_font_size_tablet=&#8220;3rem&#8220; header_font_size_phone=&#8220;2rem&#8220; header_font_size_last_edited=&#8220;on|phone&#8220; header_2_font_size_tablet=&#8220;3rem&#8220; header_2_font_size_phone=&#8220;2rem&#8220; header_2_font_size_last_edited=&#8220;on|desktop&#8220; global_colors_info=&#8220;{}&#8220;]Informationen zu aktuellen Beteilingen der S\u00fcnderhauf Holding GmbH[\/et_pb_text][\/et_pb_column][\/et_pb_row][et_pb_row column_structure=&#8220;2_3,1_3&#8243; _builder_version=&#8220;4.17.4&#8243; _module_preset=&#8220;default&#8220; custom_margin=&#8220;0px||||false|false&#8220; custom_padding=&#8220;0px||10px||false|false&#8220; global_colors_info=&#8220;{}&#8220;][et_pb_column type=&#8220;2_3&#8243; _builder_version=&#8220;4.17.4&#8243; _module_preset=&#8220;default&#8220; background_enable_color=&#8220;off&#8220; global_colors_info=&#8220;{}&#8220;][et_pb_text _builder_version=&#8220;4.17.4&#8243; _module_preset=&#8220;default&#8220; text_font=&#8220;Sofia Pro Light||||||||&#8220; text_font_size=&#8220;12px&#8220; text_line_height=&#8220;1.2em&#8220; header_font_size=&#8220;3rem&#8220; header_2_font_size=&#8220;3rem&#8220; header_2_line_height=&#8220;1.2em&#8220; custom_margin=&#8220;||0px||false|false&#8220; custom_padding=&#8220;0px||0px||true|true&#8220; hover_enabled=&#8220;0&#8243; text_font_size_tablet=&#8220;12px&#8220; text_font_size_phone=&#8220;12px&#8220; text_font_size_last_edited=&#8220;on|desktop&#8220; header_font_size_tablet=&#8220;3rem&#8220; header_font_size_phone=&#8220;2rem&#8220; header_font_size_last_edited=&#8220;on|phone&#8220; header_2_font_size_tablet=&#8220;3rem&#8220; header_2_font_size_phone=&#8220;2rem&#8220; header_2_font_size_last_edited=&#8220;on|desktop&#8220; global_colors_info=&#8220;{}&#8220; sticky_enabled=&#8220;0&#8243;]<\/p>\n<p>Pressebox.de | 04.11.2025<\/p>\n<p>[\/et_pb_text][et_pb_text _builder_version=&#8220;4.17.4&#8243; _module_preset=&#8220;default&#8220; text_font=&#8220;Sofia Pro Medium||||||||&#8220; text_line_height=&#8220;1.2em&#8220; header_font_size=&#8220;3rem&#8220; header_2_font_size=&#8220;3rem&#8220; header_2_line_height=&#8220;1.2em&#8220; custom_padding=&#8220;||||true|true&#8220; hover_enabled=&#8220;0&#8243; header_font_size_tablet=&#8220;3rem&#8220; header_font_size_phone=&#8220;2rem&#8220; header_font_size_last_edited=&#8220;on|phone&#8220; header_2_font_size_tablet=&#8220;3rem&#8220; header_2_font_size_phone=&#8220;2rem&#8220; header_2_font_size_last_edited=&#8220;on|desktop&#8220; global_colors_info=&#8220;{}&#8220; sticky_enabled=&#8220;0&#8243;]<\/p>\n<p class=\"cmb-10\" itemprop=\"headline\" lang=\"de\">Vincent S\u00fcnderhauf wird Dozent an der Digital Business University f\u00fcr Personal Branding und Online Marketing<\/p>\n<div id=\"attachments-carousel_bskknebwbtr35raQri6J\" class=\"carousel slide cmb-10\" data-mdb-interval=\"false\" data-mdb-ride=\"carousel\" data-unn-component=\"global.attachments-carousel\" data-unn-component-instance-id=\"bskknebwbtr35raQri6J\">\n<div class=\"carousel-inner\">\n<figure class=\"mb-0\">\n<div class=\"position-relative overflow-hidden ar-16-10\" data-unn-component=\"global.image\" data-unn-component-instance-id=\"eIwl5JA2VKU9lD0R2lyS\" itemprop=\"image\" itemscope=\"itemscope\" itemtype=\"https:\/\/schema.org\/ImageObject\"><picture><source srcset=\"https:\/\/cdn.pressebox.de\/r\/16fe5e4bf8b6587e\/attachments\/15\/73\/30\/thumbnail_1573300_746x466.webp\" type=\"image\/webp\" \/><source srcset=\"https:\/\/cdn.pressebox.de\/r\/2ce84d81863a1131\/attachments\/15\/73\/30\/thumbnail_1573300_746x466.jpg\" type=\"image\/jpeg\" \/><\/picture><\/div>\n<\/figure>\n<\/div>\n<\/div>\n<p>[\/et_pb_text][\/et_pb_column][et_pb_column type=&#8220;1_3&#8243; _builder_version=&#8220;4.17.4&#8243; _module_preset=&#8220;default&#8220; global_colors_info=&#8220;{}&#8220;][et_pb_button button_url=&#8220;https:\/\/www.pressebox.de\/pressemitteilung\/snderhauf-holding-gmbh\/vincent-snderhauf-wird-dozent-an-der-digital-business-university-fr-personal-branding-und-online-marketing\/boxid\/1272524&#8243; url_new_window=&#8220;on&#8220; button_text=&#8220;Artikel lesen&#8220; button_alignment=&#8220;left&#8220; _builder_version=&#8220;4.17.4&#8243; custom_button=&#8220;on&#8220; button_text_size=&#8220;14px&#8220; button_text_color=&#8220;#ffffff&#8220; button_bg_color=&#8220;gcid-fc28de5e-85d9-4437-882e-71e994814a13&#8243; button_border_width=&#8220;0px&#8220; button_border_color=&#8220;#383838&#8243; button_border_radius=&#8220;0px&#8220; button_letter_spacing=&#8220;2px&#8220; button_font=&#8220;Sofia Pro Light|||on|||||&#8220; button_use_icon=&#8220;off&#8220; custom_margin=&#8220;-8px||||false|false&#8220; custom_padding=&#8220;17px|30px|17px|30px|true|true&#8220; custom_padding_tablet=&#8220;17px|30px|17px|30px|true|true&#8220; custom_padding_phone=&#8220;5px|15px|5px|15px|true|true&#8220; custom_padding_last_edited=&#8220;on|phone&#8220; hover_enabled=&#8220;0&#8243; locked=&#8220;off&#8220; global_colors_info=&#8220;{%22gcid-fc28de5e-85d9-4437-882e-71e994814a13%22:%91%22button_bg_color%22%93}&#8220; button_bg_color__hover_enabled=&#8220;on|hover&#8220; button_bg_color__hover=&#8220;#000000&#8243; button_letter_spacing__hover_enabled=&#8220;on&#8220; button_letter_spacing__hover=&#8220;2px&#8220; button_border_color__hover_enabled=&#8220;on&#8220; button_border_color__hover=&#8220;#bfbfbf&#8220; button_text_color__hover_enabled=&#8220;on&#8220; button_text_color__hover=&#8220;#FFFFFF&#8220; button_bg_enable_color__hover=&#8220;on&#8220; sticky_enabled=&#8220;0&#8243;][\/et_pb_button][\/et_pb_column][\/et_pb_row][et_pb_row _builder_version=&#8220;4.17.4&#8243; _module_preset=&#8220;default&#8220; custom_padding=&#8220;0px||0px||true|false&#8220; global_colors_info=&#8220;{}&#8220;][et_pb_column type=&#8220;4_4&#8243; _builder_version=&#8220;4.17.4&#8243; _module_preset=&#8220;default&#8220; global_colors_info=&#8220;{}&#8220;][et_pb_divider color=&#8220;#e0e0e0&#8243; divider_position=&#8220;center&#8220; divider_weight=&#8220;1px&#8220; _builder_version=&#8220;4.17.4&#8243; _module_preset=&#8220;default&#8220; width=&#8220;45%&#8220; custom_padding=&#8220;0px||||false|false&#8220; global_colors_info=&#8220;{}&#8220;][\/et_pb_divider][\/et_pb_column][\/et_pb_row][et_pb_row custom_padding_last_edited=&#8220;on|phone&#8220; _builder_version=&#8220;4.17.4&#8243; _module_preset=&#8220;default&#8220; custom_margin=&#8220;||||true|false&#8220; custom_padding=&#8220;0px||10px||false|false&#8220; custom_padding_tablet=&#8220;0px||10px||false|false&#8220; custom_padding_phone=&#8220;0px||10px||false|false&#8220; global_colors_info=&#8220;{}&#8220;][et_pb_column type=&#8220;4_4&#8243; _builder_version=&#8220;4.17.4&#8243; _module_preset=&#8220;default&#8220; global_colors_info=&#8220;{}&#8220;][et_pb_text _builder_version=&#8220;4.17.4&#8243; _module_preset=&#8220;default&#8220; text_font=&#8220;Sofia Pro Light||||||||&#8220; text_font_size=&#8220;12px&#8220; text_line_height=&#8220;1.2em&#8220; header_font_size=&#8220;3rem&#8220; header_2_font_size=&#8220;3rem&#8220; header_2_line_height=&#8220;1.2em&#8220; custom_margin=&#8220;||0px||false|false&#8220; custom_padding=&#8220;0px||0px||true|true&#8220; text_font_size_tablet=&#8220;12px&#8220; text_font_size_phone=&#8220;12px&#8220; text_font_size_last_edited=&#8220;on|desktop&#8220; header_font_size_tablet=&#8220;3rem&#8220; header_font_size_phone=&#8220;2rem&#8220; header_font_size_last_edited=&#8220;on|phone&#8220; header_2_font_size_tablet=&#8220;3rem&#8220; header_2_font_size_phone=&#8220;2rem&#8220; header_2_font_size_last_edited=&#8220;on|desktop&#8220; global_colors_info=&#8220;{}&#8220;]<\/p>\n<p>Pressebox.de | 18.06.2024<\/p>\n<p>[\/et_pb_text][\/et_pb_column][\/et_pb_row][et_pb_row column_structure=&#8220;2_3,1_3&#8243; _builder_version=&#8220;4.17.4&#8243; _module_preset=&#8220;default&#8220; custom_margin=&#8220;0px||||false|false&#8220; custom_padding=&#8220;0px||10px||false|false&#8220; global_colors_info=&#8220;{}&#8220;][et_pb_column type=&#8220;2_3&#8243; _builder_version=&#8220;4.17.4&#8243; _module_preset=&#8220;default&#8220; background_enable_color=&#8220;off&#8220; global_colors_info=&#8220;{}&#8220;][et_pb_text _builder_version=&#8220;4.17.4&#8243; _module_preset=&#8220;default&#8220; text_font=&#8220;Sofia Pro Medium||||||||&#8220; text_line_height=&#8220;1.2em&#8220; header_font_size=&#8220;3rem&#8220; header_2_font_size=&#8220;3rem&#8220; header_2_line_height=&#8220;1.2em&#8220; custom_padding=&#8220;||||true|true&#8220; header_font_size_tablet=&#8220;3rem&#8220; header_font_size_phone=&#8220;2rem&#8220; header_font_size_last_edited=&#8220;on|phone&#8220; header_2_font_size_tablet=&#8220;3rem&#8220; header_2_font_size_phone=&#8220;2rem&#8220; header_2_font_size_last_edited=&#8220;on|desktop&#8220; global_colors_info=&#8220;{}&#8220;]S\u00fcnderhauf Holding beteiligt sich an ISS VOLL GESUND GmbH und setzt sich f\u00fcr allergiker&shy;freundliche Ern\u00e4hrung ein[\/et_pb_text][\/et_pb_column][et_pb_column type=&#8220;1_3&#8243; _builder_version=&#8220;4.17.4&#8243; _module_preset=&#8220;default&#8220; global_colors_info=&#8220;{}&#8220;][et_pb_button button_url=&#8220;https:\/\/www.pressebox.de\/pressemitteilung\/snderhauf-holding-gmbh\/Suenderhauf-Holding-beteiligt-sich-an-ISS-VOLL-GESUND-GmbH-und-setzt-sich-fuer-allergikerfreundliche-Ernaehrung-ein\/boxid\/1205659&#8243; url_new_window=&#8220;on&#8220; button_text=&#8220;Artikel lesen&#8220; button_alignment=&#8220;left&#8220; _builder_version=&#8220;4.17.4&#8243; custom_button=&#8220;on&#8220; button_text_size=&#8220;14px&#8220; button_text_color=&#8220;#ffffff&#8220; button_bg_color=&#8220;gcid-fc28de5e-85d9-4437-882e-71e994814a13&#8243; button_border_width=&#8220;0px&#8220; button_border_color=&#8220;#383838&#8243; button_border_radius=&#8220;0px&#8220; button_letter_spacing=&#8220;2px&#8220; button_font=&#8220;Sofia Pro Light|||on|||||&#8220; button_use_icon=&#8220;off&#8220; custom_margin=&#8220;-8px||||false|false&#8220; custom_padding=&#8220;17px|30px|17px|30px|true|true&#8220; custom_padding_tablet=&#8220;17px|30px|17px|30px|true|true&#8220; custom_padding_phone=&#8220;5px|15px|5px|15px|true|true&#8220; custom_padding_last_edited=&#8220;on|phone&#8220; locked=&#8220;off&#8220; global_colors_info=&#8220;{%22gcid-fc28de5e-85d9-4437-882e-71e994814a13%22:%91%22button_bg_color%22%93}&#8220; button_bg_color__hover_enabled=&#8220;on|hover&#8220; button_bg_color__hover=&#8220;#000000&#8243; button_letter_spacing__hover_enabled=&#8220;on&#8220; button_letter_spacing__hover=&#8220;2px&#8220; button_border_color__hover_enabled=&#8220;on&#8220; button_border_color__hover=&#8220;#bfbfbf&#8220; button_text_color__hover_enabled=&#8220;on&#8220; button_text_color__hover=&#8220;#FFFFFF&#8220; button_bg_enable_color__hover=&#8220;on&#8220;][\/et_pb_button][\/et_pb_column][\/et_pb_row][et_pb_row _builder_version=&#8220;4.17.4&#8243; _module_preset=&#8220;default&#8220; custom_padding=&#8220;0px||0px||true|false&#8220; global_colors_info=&#8220;{}&#8220;][et_pb_column type=&#8220;4_4&#8243; _builder_version=&#8220;4.17.4&#8243; _module_preset=&#8220;default&#8220; global_colors_info=&#8220;{}&#8220;][et_pb_divider color=&#8220;#e0e0e0&#8243; divider_position=&#8220;center&#8220; divider_weight=&#8220;1px&#8220; _builder_version=&#8220;4.17.4&#8243; _module_preset=&#8220;default&#8220; width=&#8220;45%&#8220; custom_padding=&#8220;0px||||false|false&#8220; global_colors_info=&#8220;{}&#8220;][\/et_pb_divider][\/et_pb_column][\/et_pb_row][\/et_pb_section][et_pb_section fb_built=&#8220;1&#8243; disabled_on=&#8220;on|on|off&#8220; admin_label=&#8220;Button Submit&#8220; _builder_version=&#8220;4.17.4&#8243; _module_preset=&#8220;default&#8220; global_colors_info=&#8220;{}&#8220;][et_pb_row admin_label=&#8220;Zeile&#8220; _builder_version=&#8220;4.17.4&#8243; _module_preset=&#8220;default&#8220; width=&#8220;100%&#8220; max_width=&#8220;2560px&#8220; global_colors_info=&#8220;{}&#8220;][et_pb_column type=&#8220;4_4&#8243; _builder_version=&#8220;4.17.4&#8243; _module_preset=&#8220;default&#8220; global_colors_info=&#8220;{}&#8220;][et_pb_button button_url=&#8220;@ET-DC@eyJkeW5hbWljIjp0cnVlLCJjb250ZW50IjoicG9zdF9saW5rX3VybF9wYWdlIiwic2V0dGluZ3MiOnsicG9zdF9pZCI6IjQ5NzE1In19@&#8220; button_text=&#8220;Submit your pitch&#8220; button_alignment=&#8220;left&#8220; admin_label=&#8220;Button&#8220; _builder_version=&#8220;4.17.4&#8243; _dynamic_attributes=&#8220;button_url&#8220; _module_preset=&#8220;default&#8220; custom_button=&#8220;on&#8220; button_text_size=&#8220;15px&#8220; button_bg_color=&#8220;#000000&#8243; button_border_width=&#8220;0px&#8220; button_border_radius=&#8220;0px&#8220; button_letter_spacing=&#8220;2px&#8220; button_font=&#8220;Sofia Pro Light|||on|||||&#8220; button_use_icon=&#8220;off&#8220; positioning=&#8220;fixed&#8220; position_origin_f=&#8220;bottom_right&#8220; vertical_offset=&#8220;20px&#8220; horizontal_offset=&#8220;20px&#8220; z_index=&#8220;10&#8243; background_layout=&#8220;dark&#8220; custom_margin=&#8220;||||true|false&#8220; custom_padding=&#8220;||||false|false&#8220; global_colors_info=&#8220;{%22gcid-b370c67b-7f58-4ede-aec3-ece2b17b9407%22:%91%22button_bg_color%22%93,%22gcid-fc28de5e-85d9-4437-882e-71e994814a13%22:%91%22button_bg_color__hover%22%93}&#8220; button_bg_color__hover_enabled=&#8220;on|hover&#8220; button_bg_color__hover=&#8220;#29c4a9&#8243; button_bg_enable_color__hover=&#8220;on&#8220; transform_styles__hover_enabled=&#8220;on|desktop&#8220; transform_scale__hover_enabled=&#8220;on|desktop&#8220; transform_translate__hover_enabled=&#8220;on|desktop&#8220; transform_rotate__hover_enabled=&#8220;on|desktop&#8220; transform_skew__hover_enabled=&#8220;on|desktop&#8220; transform_origin__hover_enabled=&#8220;on|desktop&#8220;][\/et_pb_button][\/et_pb_column][\/et_pb_row][\/et_pb_section][et_pb_section fb_built=&#8220;1&#8243; disabled_on=&#8220;off|on|on&#8220; admin_label=&#8220;Pitch Button Mobile&#8220; _builder_version=&#8220;4.17.4&#8243; _module_preset=&#8220;default&#8220; background_color=&#8220;#000000&#8243; positioning=&#8220;fixed&#8220; position_origin_f=&#8220;bottom_center&#8220; z_index=&#8220;500&#8243; custom_padding=&#8220;10px||10px||true|false&#8220; global_colors_info=&#8220;{}&#8220;][et_pb_row _builder_version=&#8220;4.17.4&#8243; _dynamic_attributes=&#8220;link_option_url&#8220; _module_preset=&#8220;default&#8220; width=&#8220;100%&#8220; custom_padding=&#8220;0px||0px||true|false&#8220; link_option_url=&#8220;@ET-DC@eyJkeW5hbWljIjp0cnVlLCJjb250ZW50IjoicG9zdF9saW5rX3VybF9wYWdlIiwic2V0dGluZ3MiOnsicG9zdF9pZCI6IjQ5NzE1In19@&#8220; global_colors_info=&#8220;{}&#8220;][et_pb_column type=&#8220;4_4&#8243; _builder_version=&#8220;4.17.4&#8243; _module_preset=&#8220;default&#8220; global_colors_info=&#8220;{}&#8220;][et_pb_text disabled_on=&#8220;off|off|off&#8220; _builder_version=&#8220;4.17.4&#8243; _module_preset=&#8220;default&#8220; text_font=&#8220;Sofia Pro Light|700||on|||||&#8220; text_text_color=&#8220;#ffffff&#8220; text_font_size=&#8220;14px&#8220; text_letter_spacing=&#8220;2px&#8220; text_orientation=&#8220;center&#8220; global_colors_info=&#8220;{}&#8220;]<\/p>\n<p>Submit your pitch<\/p>\n<p>[\/et_pb_text][\/et_pb_column][\/et_pb_row][\/et_pb_section]<\/p>\n","protected":false},"excerpt":{"rendered":"<p>PressebereichInformationen zu aktuellen Beteilingen der S\u00fcnderhauf Holding GmbHPressebox.de | 04.11.2025Vincent S\u00fcnderhauf wird Dozent an der Digital Business University f\u00fcr Personal Branding und Online Marketing Pressebox.de | 18.06.2024S\u00fcnderhauf Holding beteiligt sich an ISS VOLL GESUND GmbH und setzt sich f\u00fcr allergiker&shy;freundliche Ern\u00e4hrung einSubmit your pitch<\/p>\n","protected":false},"author":1,"featured_media":0,"parent":0,"menu_order":0,"comment_status":"closed","ping_status":"closed","template":"","meta":{"_et_pb_use_builder":"on","_et_pb_old_content":"","_et_gb_content_width":"","inline_featured_image":false},"yoast_head":"<!-- This site is optimized with the Yoast SEO plugin v19.0 - https:\/\/yoast.com\/wordpress\/plugins\/seo\/ -->\n<title>Venture Capital, Business Angel Berlin - S\u00fcnderhauf Holding<\/title>\n<meta name=\"description\" content=\"Venture Capital \u2705 Business Angel Berlin \u2705 Early Stage Investor \u2705 Jetzt Partner der S\u00fcnderhauf Holding werden!\" \/>\n<meta name=\"robots\" content=\"index, follow, max-snippet:-1, max-image-preview:large, max-video-preview:-1\" \/>\n<link rel=\"canonical\" href=\"https:\/\/suenderhauf-holding.com\/de\/pressebereich\/\" \/>\n<meta property=\"og:locale\" content=\"de_DE\" \/>\n<meta property=\"og:type\" content=\"article\" \/>\n<meta property=\"og:title\" content=\"Venture Capital, Business Angel Berlin - S\u00fcnderhauf Holding\" \/>\n<meta property=\"og:description\" content=\"Venture Capital \u2705 Business Angel Berlin \u2705 Early Stage Investor \u2705 Jetzt Partner der S\u00fcnderhauf Holding werden!\" \/>\n<meta property=\"og:url\" content=\"https:\/\/suenderhauf-holding.com\/de\/pressebereich\/\" \/>\n<meta property=\"og:site_name\" content=\"S\u00fcnderhauf Holding\" \/>\n<meta property=\"article:modified_time\" content=\"2025-11-04T15:58:38+00:00\" \/>\n<meta name=\"twitter:card\" content=\"summary_large_image\" \/>\n<meta name=\"twitter:label1\" content=\"Gesch\u00e4tzte Lesezeit\" \/>\n\t<meta name=\"twitter:data1\" content=\"6 Minuten\" \/>\n<script type=\"application\/ld+json\" class=\"yoast-schema-graph\">{\"@context\":\"https:\/\/schema.org\",\"@graph\":[{\"@type\":\"WebSite\",\"@id\":\"https:\/\/suenderhauf-holding.com\/#website\",\"url\":\"https:\/\/suenderhauf-holding.com\/\",\"name\":\"S\u00fcnderhauf Holding\",\"description\":\"Early Stage Investor \u2013 Long Time Partner\",\"potentialAction\":[{\"@type\":\"SearchAction\",\"target\":{\"@type\":\"EntryPoint\",\"urlTemplate\":\"https:\/\/suenderhauf-holding.com\/?s={search_term_string}\"},\"query-input\":\"required name=search_term_string\"}],\"inLanguage\":\"de-DE\"},{\"@type\":\"WebPage\",\"@id\":\"https:\/\/suenderhauf-holding.com\/de\/pressebereich\/#webpage\",\"url\":\"https:\/\/suenderhauf-holding.com\/de\/pressebereich\/\",\"name\":\"Venture Capital, Business Angel Berlin - S\u00fcnderhauf Holding\",\"isPartOf\":{\"@id\":\"https:\/\/suenderhauf-holding.com\/#website\"},\"datePublished\":\"2024-10-27T13:30:53+00:00\",\"dateModified\":\"2025-11-04T15:58:38+00:00\",\"description\":\"Venture Capital \u2705 Business Angel Berlin \u2705 Early Stage Investor \u2705 Jetzt Partner der S\u00fcnderhauf Holding werden!\",\"breadcrumb\":{\"@id\":\"https:\/\/suenderhauf-holding.com\/de\/pressebereich\/#breadcrumb\"},\"inLanguage\":\"de-DE\",\"potentialAction\":[{\"@type\":\"ReadAction\",\"target\":[\"https:\/\/suenderhauf-holding.com\/de\/pressebereich\/\"]}]},{\"@type\":\"BreadcrumbList\",\"@id\":\"https:\/\/suenderhauf-holding.com\/de\/pressebereich\/#breadcrumb\",\"itemListElement\":[{\"@type\":\"ListItem\",\"position\":1,\"name\":\"Startseite\",\"item\":\"https:\/\/suenderhauf-holding.com\/de\/\"},{\"@type\":\"ListItem\",\"position\":2,\"name\":\"Pressebereich\"}]}]}<\/script>\n<!-- \/ Yoast SEO plugin. -->","yoast_head_json":{"title":"Venture Capital, Business Angel Berlin - S\u00fcnderhauf Holding","description":"Venture Capital \u2705 Business Angel Berlin \u2705 Early Stage Investor \u2705 Jetzt Partner der S\u00fcnderhauf Holding werden!","robots":{"index":"index","follow":"follow","max-snippet":"max-snippet:-1","max-image-preview":"max-image-preview:large","max-video-preview":"max-video-preview:-1"},"canonical":"https:\/\/suenderhauf-holding.com\/de\/pressebereich\/","og_locale":"de_DE","og_type":"article","og_title":"Venture Capital, Business Angel Berlin - S\u00fcnderhauf Holding","og_description":"Venture Capital \u2705 Business Angel Berlin \u2705 Early Stage Investor \u2705 Jetzt Partner der S\u00fcnderhauf Holding werden!","og_url":"https:\/\/suenderhauf-holding.com\/de\/pressebereich\/","og_site_name":"S\u00fcnderhauf Holding","article_modified_time":"2025-11-04T15:58:38+00:00","twitter_card":"summary_large_image","twitter_misc":{"Gesch\u00e4tzte Lesezeit":"6 Minuten"},"schema":{"@context":"https:\/\/schema.org","@graph":[{"@type":"WebSite","@id":"https:\/\/suenderhauf-holding.com\/#website","url":"https:\/\/suenderhauf-holding.com\/","name":"S\u00fcnderhauf Holding","description":"Early Stage Investor \u2013 Long Time Partner","potentialAction":[{"@type":"SearchAction","target":{"@type":"EntryPoint","urlTemplate":"https:\/\/suenderhauf-holding.com\/?s={search_term_string}"},"query-input":"required name=search_term_string"}],"inLanguage":"de-DE"},{"@type":"WebPage","@id":"https:\/\/suenderhauf-holding.com\/de\/pressebereich\/#webpage","url":"https:\/\/suenderhauf-holding.com\/de\/pressebereich\/","name":"Venture Capital, Business Angel Berlin - S\u00fcnderhauf Holding","isPartOf":{"@id":"https:\/\/suenderhauf-holding.com\/#website"},"datePublished":"2024-10-27T13:30:53+00:00","dateModified":"2025-11-04T15:58:38+00:00","description":"Venture Capital \u2705 Business Angel Berlin \u2705 Early Stage Investor \u2705 Jetzt Partner der S\u00fcnderhauf Holding werden!","breadcrumb":{"@id":"https:\/\/suenderhauf-holding.com\/de\/pressebereich\/#breadcrumb"},"inLanguage":"de-DE","potentialAction":[{"@type":"ReadAction","target":["https:\/\/suenderhauf-holding.com\/de\/pressebereich\/"]}]},{"@type":"BreadcrumbList","@id":"https:\/\/suenderhauf-holding.com\/de\/pressebereich\/#breadcrumb","itemListElement":[{"@type":"ListItem","position":1,"name":"Startseite","item":"https:\/\/suenderhauf-holding.com\/de\/"},{"@type":"ListItem","position":2,"name":"Pressebereich"}]}]}},"_links":{"self":[{"href":"https:\/\/suenderhauf-holding.com\/de\/wp-json\/wp\/v2\/pages\/50401"}],"collection":[{"href":"https:\/\/suenderhauf-holding.com\/de\/wp-json\/wp\/v2\/pages"}],"about":[{"href":"https:\/\/suenderhauf-holding.com\/de\/wp-json\/wp\/v2\/types\/page"}],"author":[{"embeddable":true,"href":"https:\/\/suenderhauf-holding.com\/de\/wp-json\/wp\/v2\/users\/1"}],"replies":[{"embeddable":true,"href":"https:\/\/suenderhauf-holding.com\/de\/wp-json\/wp\/v2\/comments?post=50401"}],"version-history":[{"count":3,"href":"https:\/\/suenderhauf-holding.com\/de\/wp-json\/wp\/v2\/pages\/50401\/revisions"}],"predecessor-version":[{"id":50470,"href":"https:\/\/suenderhauf-holding.com\/de\/wp-json\/wp\/v2\/pages\/50401\/revisions\/50470"}],"wp:attachment":[{"href":"https:\/\/suenderhauf-holding.com\/de\/wp-json\/wp\/v2\/media?parent=50401"}],"curies":[{"name":"wp","href":"https:\/\/api.w.org\/{rel}","templated":true}]}}